{"id":4494,"date":"2022-02-21T13:47:11","date_gmt":"2022-02-21T13:47:11","guid":{"rendered":"https:\/\/calabassajetski.com\/playa-de-cala-bassa\/"},"modified":"2023-04-18T09:37:36","modified_gmt":"2023-04-18T09:37:36","slug":"plage-de-cala-bassa","status":"publish","type":"page","link":"https:\/\/calabassajetski.com\/fr\/plage-de-cala-bassa\/","title":{"rendered":"PLAGE DE CALA BASSA"},"content":{"rendered":"\t\t<div data-elementor-type=\"wp-page\" data-elementor-id=\"4494\" class=\"elementor elementor-4494 elementor-1478\" data-elementor-post-type=\"page\">\n\t\t\t\t\t\t<section class=\"elementor-section elementor-top-section elementor-element elementor-element-8199c5c elementor-section-full_width elementor-section-content-middle elementor-reverse-mobile elementor-section-height-default elementor-section-height-default\" data-id=\"8199c5c\" data-element_type=\"section\" data-e-type=\"section\" data-settings=\"{&quot;background_background&quot;:&quot;classic&quot;}\">\n\t\t\t\t\t\t\t<div class=\"elementor-background-overlay\"><\/div>\n\t\t\t\t\t\t\t<div class=\"elementor-container elementor-column-gap-no\">\n\t\t\t\t\t<div class=\"elementor-column elementor-col-100 elementor-top-column elementor-element elementor-element-23a68b6\" data-id=\"23a68b6\" data-element_type=\"column\" data-e-type=\"column\">\n\t\t\t<div class=\"elementor-widget-wrap elementor-element-populated\">\n\t\t\t\t\t\t<div class=\"elementor-element elementor-element-13d4a76 puntos-venta-map elementor-widget elementor-widget-google_maps\" data-id=\"13d4a76\" data-element_type=\"widget\" data-e-type=\"widget\" data-widget_type=\"google_maps.default\">\n\t\t\t\t<div class=\"elementor-widget-container\">\n\t\t\t\t\t\t\t<div class=\"elementor-custom-embed\">\n\t\t\t<iframe loading=\"lazy\"\n\t\t\t\t\tsrc=\"https:\/\/maps.google.com\/maps?q=playa%20cala%20bassa%20ibiza&#038;t=m&#038;z=15&#038;output=embed&#038;iwloc=near\"\n\t\t\t\t\ttitle=\"playa cala bassa ibiza\"\n\t\t\t\t\taria-label=\"playa cala bassa ibiza\"\n\t\t\t><\/iframe>\n\t\t<\/div>\n\t\t\t\t\t\t<\/div>\n\t\t\t\t<\/div>\n\t\t\t\t\t<\/div>\n\t\t<\/div>\n\t\t\t\t\t<\/div>\n\t\t<\/section>\n\t\t\t\t<section class=\"elementor-section elementor-top-section elementor-element elementor-element-753baee elementor-section-boxed elementor-section-height-default elementor-section-height-default\" data-id=\"753baee\" data-element_type=\"section\" data-e-type=\"section\" data-settings=\"{&quot;background_background&quot;:&quot;classic&quot;}\">\n\t\t\t\t\t\t<div class=\"elementor-container elementor-column-gap-no\">\n\t\t\t\t\t<div class=\"elementor-column elementor-col-50 elementor-top-column elementor-element elementor-element-42887baa\" data-id=\"42887baa\" data-element_type=\"column\" data-e-type=\"column\">\n\t\t\t<div class=\"elementor-widget-wrap elementor-element-populated\">\n\t\t\t\t\t\t<div class=\"elementor-element elementor-element-48ff524e elementor-view-default elementor-widget elementor-widget-icon\" data-id=\"48ff524e\" data-element_type=\"widget\" data-e-type=\"widget\" data-widget_type=\"icon.default\">\n\t\t\t\t<div class=\"elementor-widget-container\">\n\t\t\t\t\t\t\t<div class=\"elementor-icon-wrapper\">\n\t\t\t<div class=\"elementor-icon\">\n\t\t\t<i aria-hidden=\"true\" class=\"fas fa-quote-left\"><\/i>\t\t\t<\/div>\n\t\t<\/div>\n\t\t\t\t\t\t<\/div>\n\t\t\t\t<\/div>\n\t\t\t\t<div class=\"elementor-element elementor-element-6164ca6 elementor-widget elementor-widget-heading\" data-id=\"6164ca6\" data-element_type=\"widget\" data-e-type=\"widget\" data-widget_type=\"heading.default\">\n\t\t\t\t<div class=\"elementor-widget-container\">\n\t\t\t\t\t<h1 class=\"elementor-heading-title elementor-size-default\">Cala Bassa<\/h1>\t\t\t\t<\/div>\n\t\t\t\t<\/div>\n\t\t\t\t<div class=\"elementor-element elementor-element-7b9275da elementor-widget elementor-widget-heading\" data-id=\"7b9275da\" data-element_type=\"widget\" data-e-type=\"widget\" data-widget_type=\"heading.default\">\n\t\t\t\t<div class=\"elementor-widget-container\">\n\t\t\t\t\t<h2 class=\"elementor-heading-title elementor-size-default\">Une des meilleures plages de l'\u00eele d'Ibiza<\/h2>\t\t\t\t<\/div>\n\t\t\t\t<\/div>\n\t\t\t\t\t<\/div>\n\t\t<\/div>\n\t\t\t\t<div class=\"elementor-column elementor-col-50 elementor-top-column elementor-element elementor-element-1629eac8\" data-id=\"1629eac8\" data-element_type=\"column\" data-e-type=\"column\">\n\t\t\t<div class=\"elementor-widget-wrap elementor-element-populated\">\n\t\t\t\t\t\t<div class=\"elementor-element elementor-element-6f2dfa7d elementor-widget-divider--view-line elementor-widget elementor-widget-divider\" data-id=\"6f2dfa7d\" data-element_type=\"widget\" data-e-type=\"widget\" data-widget_type=\"divider.default\">\n\t\t\t\t<div class=\"elementor-widget-container\">\n\t\t\t\t\t\t\t<div class=\"elementor-divider\">\n\t\t\t<span class=\"elementor-divider-separator\">\n\t\t\t\t\t\t<\/span>\n\t\t<\/div>\n\t\t\t\t\t\t<\/div>\n\t\t\t\t<\/div>\n\t\t\t\t<div class=\"elementor-element elementor-element-a8217dc elementor-widget elementor-widget-text-editor\" data-id=\"a8217dc\" data-element_type=\"widget\" data-e-type=\"widget\" data-widget_type=\"text-editor.default\">\n\t\t\t\t<div class=\"elementor-widget-container\">\n\t\t\t\t\t\t\t\t\t<p>Nous nous trouvons au bout d&rsquo;une plage connue sous le nom de Cala Bassa, consid\u00e9r\u00e9e comme l&rsquo;une des plus belles de l&rsquo;\u00eele d&rsquo;Ibiza en raison de la transparence de ses eaux et de son environnement naturel de for\u00eats de gen\u00e9vriers et de pins. La plage mesure 250 m\u00e8tres de long et est connue sous le nom de \u00ab\u00a0piscine naturelle\u00a0\u00bb.<\/p><p>Si vous souhaitez louer un jet ski, vous pouvez venir nous voir de 10h30 \u00e0 19h00 et nous serons heureux de vous aider si vous avez des questions ou des doutes. Vous pouvez facilement nous trouver sur Google Maps.<\/p><p>Pour vous rendre \u00e0 Cala Bassa, vous pouvez conduire pendant 10 minutes depuis San Antonio en suivant les panneaux de la route de San Antonio ou de San Jose. Il est \u00e9galement possible d&rsquo;arriver en ferry depuis San Antonio, ce qui prend 15 minutes et a des horaires r\u00e9guliers pendant l&rsquo;\u00e9t\u00e9.<\/p><p>En attendant votre tour de conduire l&rsquo;une de nos motos, vous pouvez profiter des diff\u00e9rents services offerts par le Cala Bassa Beach Club.<\/p>\t\t\t\t\t\t\t\t<\/div>\n\t\t\t\t<\/div>\n\t\t\t\t\t<\/div>\n\t\t<\/div>\n\t\t\t\t\t<\/div>\n\t\t<\/section>\n\t\t\t\t<section class=\"elementor-section elementor-top-section elementor-element elementor-element-2b8e97bf elementor-section-boxed elementor-section-height-default elementor-section-height-default\" data-id=\"2b8e97bf\" data-element_type=\"section\" data-e-type=\"section\" data-settings=\"{&quot;background_background&quot;:&quot;classic&quot;}\">\n\t\t\t\t\t\t<div class=\"elementor-container elementor-column-gap-no\">\n\t\t\t\t\t<div class=\"elementor-column elementor-col-100 elementor-top-column elementor-element elementor-element-7175b414\" data-id=\"7175b414\" data-element_type=\"column\" data-e-type=\"column\">\n\t\t\t<div class=\"elementor-widget-wrap\">\n\t\t\t\t\t\t\t<\/div>\n\t\t<\/div>\n\t\t\t\t\t<\/div>\n\t\t<\/section>\n\t\t\t\t<section class=\"elementor-section elementor-top-section elementor-element elementor-element-9ba3b00 elementor-section-boxed elementor-section-height-default elementor-section-height-default\" data-id=\"9ba3b00\" data-element_type=\"section\" data-e-type=\"section\" data-settings=\"{&quot;background_background&quot;:&quot;classic&quot;}\">\n\t\t\t\t\t\t<div class=\"elementor-container elementor-column-gap-no\">\n\t\t\t\t\t<div class=\"elementor-column elementor-col-100 elementor-top-column elementor-element elementor-element-60e0ad7\" data-id=\"60e0ad7\" data-element_type=\"column\" data-e-type=\"column\">\n\t\t\t<div class=\"elementor-widget-wrap elementor-element-populated\">\n\t\t\t\t\t\t<div class=\"elementor-element elementor-element-b0df224 elementor-widget elementor-widget-heading\" data-id=\"b0df224\" data-element_type=\"widget\" data-e-type=\"widget\" data-widget_type=\"heading.default\">\n\t\t\t\t<div class=\"elementor-widget-container\">\n\t\t\t\t\t<p class=\"elementor-heading-title elementor-size-default\">Visitez-le Cala Bassa Beach Club<\/p>\t\t\t\t<\/div>\n\t\t\t\t<\/div>\n\t\t\t\t<div class=\"elementor-element elementor-element-2f164fd elementor-widget-divider--view-line elementor-widget elementor-widget-divider\" data-id=\"2f164fd\" data-element_type=\"widget\" data-e-type=\"widget\" data-widget_type=\"divider.default\">\n\t\t\t\t<div class=\"elementor-widget-container\">\n\t\t\t\t\t\t\t<div class=\"elementor-divider\">\n\t\t\t<span class=\"elementor-divider-separator\">\n\t\t\t\t\t\t<\/span>\n\t\t<\/div>\n\t\t\t\t\t\t<\/div>\n\t\t\t\t<\/div>\n\t\t\t\t<div class=\"elementor-element elementor-element-d1eee4b elementor-widget elementor-widget-text-editor\" data-id=\"d1eee4b\" data-element_type=\"widget\" data-e-type=\"widget\" data-widget_type=\"text-editor.default\">\n\t\t\t\t<div class=\"elementor-widget-container\">\n\t\t\t\t\t\t\t\t\t<p>Au Cala Bassa Beach Club, vous pourrez d\u00e9guster une d\u00e9licieuse cuisine locale tout en profitant de l&rsquo;ombre des gen\u00e9vriers, avec une vue sur la for\u00eat derri\u00e8re vous et sur les eaux cristallines et le sable devant vous. \u00c0 l&rsquo;horizon, le majestueux Cap Non\u00f3 se dresse et offre un cadre id\u00e9al pour votre repas.<\/p><p>Vous pourrez d\u00e9guster des plats locaux traditionnels tels que le riz au homard, la paella ou le classique \u00ab\u00a0Bullit de Peix\u00a0\u00bb. Si vous le souhaitez, vous pouvez \u00e9galement opter pour un menu d\u00e9gustation, que vous d\u00e9gusterez confortablement install\u00e9 dans votre hamac, \u00e0 l&rsquo;ombre des arbres ou sur le front de mer.<\/p><p>Notre \u00e9quipe de chefs exp\u00e9riment\u00e9s s&rsquo;efforce de se procurer les meilleurs produits de l&rsquo;\u00eele, afin d&rsquo;obtenir une qualit\u00e9 in\u00e9gal\u00e9e. N&rsquo;h\u00e9sitez pas \u00e0 vivre une exp\u00e9rience gastronomique unique au Cala Bassa Beach Club.<\/p>\t\t\t\t\t\t\t\t<\/div>\n\t\t\t\t<\/div>\n\t\t\t\t<div class=\"elementor-element elementor-element-12a3240 gallery-spacing-custom elementor-widget elementor-widget-image-gallery\" data-id=\"12a3240\" data-element_type=\"widget\" data-e-type=\"widget\" data-widget_type=\"image-gallery.default\">\n\t\t\t\t<div class=\"elementor-widget-container\">\n\t\t\t\t\t\t\t<div class=\"elementor-image-gallery\">\n\t\t\t<div id='gallery-1' class='gallery galleryid-4494 gallery-columns-4 gallery-size-large'><figure class='gallery-item'>\n\t\t\t<div class='gallery-icon landscape'>\n\t\t\t\t<img fetchpriority=\"high\" decoding=\"async\" width=\"296\" height=\"197\" src=\"https:\/\/calabassajetski.com\/wp-content\/uploads\/2022\/04\/CalaBassa06.jpg\" class=\"attachment-large size-large\" alt=\"cala-bassa-jet-ski-ibiza\" title=\"\">\n\t\t\t<\/div><\/figure><figure class='gallery-item'>\n\t\t\t<div class='gallery-icon landscape'>\n\t\t\t\t<img decoding=\"async\" width=\"296\" height=\"197\" src=\"https:\/\/calabassajetski.com\/wp-content\/uploads\/2022\/04\/CAMA-BAMBU_540px-1-2.jpg\" class=\"attachment-large size-large\" alt=\"jet-ski-excursion-ibiza\" title=\"\">\n\t\t\t<\/div><\/figure><figure class='gallery-item'>\n\t\t\t<div class='gallery-icon landscape'>\n\t\t\t\t<img decoding=\"async\" width=\"296\" height=\"197\" src=\"https:\/\/calabassajetski.com\/wp-content\/uploads\/2022\/04\/calabassa_beach_2-1.jpg\" class=\"attachment-large size-large\" alt=\"ibiza-excursion-tour\" title=\"\">\n\t\t\t<\/div><\/figure><figure class='gallery-item'>\n\t\t\t<div class='gallery-icon landscape'>\n\t\t\t\t<img loading=\"lazy\" decoding=\"async\" width=\"296\" height=\"197\" src=\"https:\/\/calabassajetski.com\/wp-content\/uploads\/2022\/04\/CAMA-MADERA_540px-2.jpg\" class=\"attachment-large size-large\" alt=\"jet-ski-cala-bassa-excursion\" title=\"\">\n\t\t\t<\/div><\/figure><figure class='gallery-item'>\n\t\t\t<div class='gallery-icon landscape'>\n\t\t\t\t<img loading=\"lazy\" decoding=\"async\" width=\"296\" height=\"197\" src=\"https:\/\/calabassajetski.com\/wp-content\/uploads\/2022\/04\/chiringo_540x360px-2.jpg\" class=\"attachment-large size-large\" alt=\"ibiza-jet-ski-tour\" title=\"\">\n\t\t\t<\/div><\/figure><figure class='gallery-item'>\n\t\t\t<div class='gallery-icon landscape'>\n\t\t\t\t<img loading=\"lazy\" decoding=\"async\" width=\"296\" height=\"197\" src=\"https:\/\/calabassajetski.com\/wp-content\/uploads\/2022\/04\/HAMACA-DELUXE_540px-1.jpg\" class=\"attachment-large size-large\" alt=\"cala-bassa-tour-ibiza\" title=\"\">\n\t\t\t<\/div><\/figure><figure class='gallery-item'>\n\t\t\t<div class='gallery-icon landscape'>\n\t\t\t\t<img loading=\"lazy\" decoding=\"async\" width=\"296\" height=\"197\" src=\"https:\/\/calabassajetski.com\/wp-content\/uploads\/2022\/04\/rest_540px-2.jpg\" class=\"attachment-large size-large\" alt=\"excursion-cala-bassa-ibiza\" title=\"\">\n\t\t\t<\/div><\/figure><figure class='gallery-item'>\n\t\t\t<div class='gallery-icon landscape'>\n\t\t\t\t<img loading=\"lazy\" decoding=\"async\" width=\"296\" height=\"197\" src=\"https:\/\/calabassajetski.com\/wp-content\/uploads\/2022\/04\/VIP-GRUPOS_540px-2.jpg\" class=\"attachment-large size-large\" alt=\"tour-jet-ski-cala-bassa\" title=\"\">\n\t\t\t<\/div><\/figure>\n\t\t<\/div>\n\t\t<\/div>\n\t\t\t\t\t\t<\/div>\n\t\t\t\t<\/div>\n\t\t\t\t\t<\/div>\n\t\t<\/div>\n\t\t\t\t\t<\/div>\n\t\t<\/section>\n\t\t\t\t<\/div>\n\t\t","protected":false},"excerpt":{"rendered":"<p>Cala Bassa Une des meilleures plages de l&rsquo;\u00eele d&rsquo;Ibiza Nous nous trouvons au bout d&rsquo;une plage connue sous le nom de Cala Bassa, consid\u00e9r\u00e9e comme l&rsquo;une des plus belles de l&rsquo;\u00eele d&rsquo;Ibiza en raison de la transparence de ses eaux et de son environnement naturel de for\u00eats de gen\u00e9vriers et de pins. La plage mesure [&hellip;]<\/p>\n","protected":false},"author":1,"featured_media":0,"parent":0,"menu_order":0,"comment_status":"closed","ping_status":"closed","template":"","meta":{"site-sidebar-layout":"no-sidebar","site-content-layout":"page-builder","ast-site-content-layout":"default","site-content-style":"default","site-sidebar-style":"default","ast-global-header-display":"","ast-banner-title-visibility":"","ast-main-header-display":"","ast-hfb-above-header-display":"","ast-hfb-below-header-display":"","ast-hfb-mobile-header-display":"","site-post-title":"disabled","ast-breadcrumbs-content":"","ast-featured-img":"disabled","footer-sml-layout":"","ast-disable-related-posts":"","theme-transparent-header-meta":"","adv-header-id-meta":"","stick-header-meta":"","header-above-stick-meta":"","header-main-stick-meta":"","header-below-stick-meta":"","astra-migrate-meta-layouts":"default","ast-page-background-enabled":"default","ast-page-background-meta":{"desktop":{"background-color":"","background-image":"","background-repeat":"repeat","background-position":"center center","background-size":"auto","background-attachment":"scroll","background-type":"","background-media":"","overlay-type":"","overlay-color":"","overlay-opacity":"","overlay-gradient":""},"tablet":{"background-color":"","background-image":"","background-repeat":"repeat","background-position":"center center","background-size":"auto","background-attachment":"scroll","background-type":"","background-media":"","overlay-type":"","overlay-color":"","overlay-opacity":"","overlay-gradient":""},"mobile":{"background-color":"","background-image":"","background-repeat":"repeat","background-position":"center center","background-size":"auto","background-attachment":"scroll","background-type":"","background-media":"","overlay-type":"","overlay-color":"","overlay-opacity":"","overlay-gradient":""}},"ast-content-background-meta":{"desktop":{"background-color":"var(--ast-global-color-5)","background-image":"","background-repeat":"repeat","background-position":"center center","background-size":"auto","background-attachment":"scroll","background-type":"","background-media":"","overlay-type":"","overlay-color":"","overlay-opacity":"","overlay-gradient":""},"tablet":{"background-color":"var(--ast-global-color-5)","background-image":"","background-repeat":"repeat","background-position":"center center","background-size":"auto","background-attachment":"scroll","background-type":"","background-media":"","overlay-type":"","overlay-color":"","overlay-opacity":"","overlay-gradient":""},"mobile":{"background-color":"var(--ast-global-color-5)","background-image":"","background-repeat":"repeat","background-position":"center center","background-size":"auto","background-attachment":"scroll","background-type":"","background-media":"","overlay-type":"","overlay-color":"","overlay-opacity":"","overlay-gradient":""}},"_joinchat":[],"footnotes":""},"class_list":["post-4494","page","type-page","status-publish","hentry"],"_links":{"self":[{"href":"https:\/\/calabassajetski.com\/fr\/wp-json\/wp\/v2\/pages\/4494","targetHints":{"allow":["GET"]}}],"collection":[{"href":"https:\/\/calabassajetski.com\/fr\/wp-json\/wp\/v2\/pages"}],"about":[{"href":"https:\/\/calabassajetski.com\/fr\/wp-json\/wp\/v2\/types\/page"}],"author":[{"embeddable":true,"href":"https:\/\/calabassajetski.com\/fr\/wp-json\/wp\/v2\/users\/1"}],"replies":[{"embeddable":true,"href":"https:\/\/calabassajetski.com\/fr\/wp-json\/wp\/v2\/comments?post=4494"}],"version-history":[{"count":0,"href":"https:\/\/calabassajetski.com\/fr\/wp-json\/wp\/v2\/pages\/4494\/revisions"}],"wp:attachment":[{"href":"https:\/\/calabassajetski.com\/fr\/wp-json\/wp\/v2\/media?parent=4494"}],"curies":[{"name":"wp","href":"https:\/\/api.w.org\/{rel}","templated":true}]}}